{"id":2057,"date":"2021-03-29T11:25:39","date_gmt":"2021-03-29T11:25:39","guid":{"rendered":"https:\/\/insteam.deusto.es\/?page_id=2057"},"modified":"2021-07-27T10:59:12","modified_gmt":"2021-07-27T10:59:12","slug":"socioeconomic-approach","status":"publish","type":"page","link":"https:\/\/insteam.deusto.es\/es\/productos\/educacion-inclusiva\/socioeconomic-approach\/","title":{"rendered":"Socioeconomic Approach"},"content":{"rendered":"\n<p>The socioeconomic approach employs a traditional business SWOT (<em><strong>S<\/strong>trengths, <strong>W<\/strong>eaknesses, <strong>O<\/strong>pportunities, and <strong>T<\/strong>hreats<\/em>) analysis template, which is adapted the socio-economic context by primary and secondary students. The adapted SWOT template and analysis concentrates on stakeholder internal aspects (Strengths + Weaknesses) and stakeholder interaction (Opportunities + Threats), ), which can be identified by interviews, questionnaires or webquests.<\/p>\n\n\n\n<p class=\"has-text-align-left\">Watch the video \u201cSWOT template video\u201d, which explains this adapted SWOT approach. These are  five <em>socioeconomic<\/em> inclusive environmental Inquiry Learning Spaces developed in a frame of the inSTEAM project:<\/p>\n\n\n\n<p><a href=\"https:\/\/www.golabz.eu\/ils\/consumo-de-agua-las-piscinas-y-el-sector-tur%C3%ADstico\">Consumo De Agua: Las Piscinas Y El Sector Tur\u00edstico<\/a>\u00a0(escuela\u00a0primaria)<\/p>\n\n\n\n<p><a rel=\"noreferrer noopener\" href=\"https:\/\/www.golabz.eu\/ils\/agua-limpia-cu%C3%A1ntos-vaqueros-necesitas\" target=\"_blank\">Agua Limpia: \u00bfCu\u00e1ntos Vaqueros Necesitas?<\/a>\u00a0(escuela\u00a0primaria)<\/p>\n\n\n\n<p><a rel=\"noreferrer noopener\" href=\"https:\/\/www.golabz.eu\/ils\/crisis-mundial-del-agua-la-desalinizaci%C3%B3n-en-su-pa%C3%ADs-regi%C3%B3n\" target=\"_blank\">Crisis Mundial Del Agua: La Desalinizaci\u00f3n En Su Pa\u00eds-Regi\u00f3n<\/a>\u00a0(escuela secundaria)<\/p>\n\n\n\n<p><a rel=\"noreferrer noopener\" href=\"https:\/\/www.golabz.eu\/ils\/gases-de-efecto-invernadero-cu%C3%A1l-es-la-huella-de-tu-alimentaci%C3%B3n\" target=\"_blank\">Gases De Efecto Invernadero: \u00bfCu\u00e1l Es La Huella De Tu Alimentaci\u00f3n?<\/a>\u00a0(escuela\u00a0secundaria)<\/p>\n\n\n\n<p><a href=\"https:\/\/www.golabz.eu\/ils\/activistas-de-las-energ%C3%ADas-renovables\">Activistas De Las Energ\u00edas Renovables<\/a>\u00a0(escuela\u00a0secundaria)<\/p>\n\n\n\n<p><\/p>\n\n\n\n<p>&nbsp;<\/p>\n\n\n\n<figure class=\"wp-block-embed is-type-video is-provider-youtube wp-block-embed-youtube wp-embed-aspect-16-9 wp-has-aspect-ratio\"><div class=\"wp-block-embed__wrapper\">\n<iframe loading=\"lazy\" title=\"SWOT analysis approach video inSTEAM\" width=\"640\" height=\"360\" src=\"https:\/\/www.youtube.com\/embed\/fFDcrPf-2Xs?feature=oembed\" frameborder=\"0\" allow=\"accelerometer; autoplay; clipboard-write; encrypted-media; gyroscope; picture-in-picture; web-share\" referrerpolicy=\"strict-origin-when-cross-origin\" allowfullscreen><\/iframe>\n<\/div><\/figure>\n\n\n\n<p>&nbsp;<\/p>\n\n\n\n<h3 class=\"wp-block-heading\">More Information:<\/h3>\n\n\n\n<p>If you want to know more about the <strong><em>business or institutional<\/em><\/strong> SWOT analysis please watch two video tutorials provided below:<\/p>\n\n\n\n<ol class=\"wp-block-list\"><li><em><a href=\"https:\/\/www.youtube.com\/watch?v=4aFB9xrkdiU\">What Is a SWOT Analysis?<\/a><\/em> &#8211; a brief overview of what a SWOT Analysis is. The tutorial is provided by Caroline Cummings, Executive Director and Venture Catalyst of Oregon RAIN, <em>Bplans.com<\/em><\/li><li><em><a href=\"https:\/\/www.youtube.com\/watch?v=I_6AVRGLXGA\">How to Perform a SWOT Analysis <\/a><\/em>&#8211; the Virtual Strategist Whiteboard session shows how a SWOT analysis can be performed.<\/li><\/ol>\n","protected":false},"excerpt":{"rendered":"<p>The socioeconomic approach employs a traditional business SWOT (Strengths, Weaknesses, Opportunities, and Threats) analysis template, which is adapted the socio-economic context by primary and secondary students. The adapted SWOT template and analysis concentrates on stakeholder internal aspects (Strengths + Weaknesses) and stakeholder interaction (Opportunities + Threats), ), which can be identified by interviews, questionnaires or [&hellip;]<\/p>\n","protected":false},"author":3,"featured_media":0,"parent":850,"menu_order":3,"comment_status":"closed","ping_status":"closed","template":"","meta":{"footnotes":""},"class_list":["post-2057","page","type-page","status-publish","hentry"],"yoast_head":"<!-- This site is optimized with the Yoast SEO plugin v27.2 - https:\/\/yoast.com\/product\/yoast-seo-wordpress\/ -->\n<title>Socioeconomic Approach - insteam<\/title>\n<meta name=\"robots\" content=\"index, follow, max-snippet:-1, max-image-preview:large, max-video-preview:-1\" \/>\n<link rel=\"canonical\" href=\"https:\/\/insteam.deusto.es\/es\/productos\/educacion-inclusiva\/socioeconomic-approach\/\" \/>\n<meta property=\"og:locale\" content=\"es_ES\" \/>\n<meta property=\"og:type\" content=\"article\" \/>\n<meta property=\"og:title\" content=\"Socioeconomic Approach - insteam\" \/>\n<meta property=\"og:description\" content=\"The socioeconomic approach employs a traditional business SWOT (Strengths, Weaknesses, Opportunities, and Threats) analysis template, which is adapted the socio-economic context by primary and secondary students. The adapted SWOT template and analysis concentrates on stakeholder internal aspects (Strengths + Weaknesses) and stakeholder interaction (Opportunities + Threats), ), which can be identified by interviews, questionnaires or [&hellip;]\" \/>\n<meta property=\"og:url\" content=\"https:\/\/insteam.deusto.es\/es\/productos\/educacion-inclusiva\/socioeconomic-approach\/\" \/>\n<meta property=\"og:site_name\" content=\"insteam\" \/>\n<meta property=\"article:modified_time\" content=\"2021-07-27T10:59:12+00:00\" \/>\n<meta name=\"twitter:card\" content=\"summary_large_image\" \/>\n<meta name=\"twitter:label1\" content=\"Tiempo de lectura\" \/>\n\t<meta name=\"twitter:data1\" content=\"1 minuto\" \/>\n<script type=\"application\/ld+json\" class=\"yoast-schema-graph\">{\"@context\":\"https:\/\/schema.org\",\"@graph\":[{\"@type\":\"WebPage\",\"@id\":\"https:\/\/insteam.deusto.es\/es\/productos\/educacion-inclusiva\/socioeconomic-approach\/\",\"url\":\"https:\/\/insteam.deusto.es\/es\/productos\/educacion-inclusiva\/socioeconomic-approach\/\",\"name\":\"Socioeconomic Approach - insteam\",\"isPartOf\":{\"@id\":\"https:\/\/insteam.deusto.es\/eu\/#website\"},\"datePublished\":\"2021-03-29T11:25:39+00:00\",\"dateModified\":\"2021-07-27T10:59:12+00:00\",\"breadcrumb\":{\"@id\":\"https:\/\/insteam.deusto.es\/es\/productos\/educacion-inclusiva\/socioeconomic-approach\/#breadcrumb\"},\"inLanguage\":\"es\",\"potentialAction\":[{\"@type\":\"ReadAction\",\"target\":[\"https:\/\/insteam.deusto.es\/es\/productos\/educacion-inclusiva\/socioeconomic-approach\/\"]}]},{\"@type\":\"BreadcrumbList\",\"@id\":\"https:\/\/insteam.deusto.es\/es\/productos\/educacion-inclusiva\/socioeconomic-approach\/#breadcrumb\",\"itemListElement\":[{\"@type\":\"ListItem\",\"position\":1,\"name\":\"Home\",\"item\":\"https:\/\/insteam.deusto.es\/es\/\"},{\"@type\":\"ListItem\",\"position\":2,\"name\":\"Productos\",\"item\":\"https:\/\/insteam.deusto.es\/es\/productos\/\"},{\"@type\":\"ListItem\",\"position\":3,\"name\":\"Educaci\u00f3n inclusiva\",\"item\":\"https:\/\/insteam.deusto.es\/es\/productos\/educacion-inclusiva\/\"},{\"@type\":\"ListItem\",\"position\":4,\"name\":\"Socioeconomic Approach\"}]},{\"@type\":\"WebSite\",\"@id\":\"https:\/\/insteam.deusto.es\/eu\/#website\",\"url\":\"https:\/\/insteam.deusto.es\/eu\/\",\"name\":\"insteam\",\"description\":\"inSTEAM - EPLUS EU project\",\"publisher\":{\"@id\":\"https:\/\/insteam.deusto.es\/eu\/#organization\"},\"potentialAction\":[{\"@type\":\"SearchAction\",\"target\":{\"@type\":\"EntryPoint\",\"urlTemplate\":\"https:\/\/insteam.deusto.es\/eu\/?s={search_term_string}\"},\"query-input\":{\"@type\":\"PropertyValueSpecification\",\"valueRequired\":true,\"valueName\":\"search_term_string\"}}],\"inLanguage\":\"es\"},{\"@type\":\"Organization\",\"@id\":\"https:\/\/insteam.deusto.es\/eu\/#organization\",\"name\":\"insteam\",\"url\":\"https:\/\/insteam.deusto.es\/eu\/\",\"logo\":{\"@type\":\"ImageObject\",\"inLanguage\":\"es\",\"@id\":\"https:\/\/insteam.deusto.es\/eu\/#\/schema\/logo\/image\/\",\"url\":\"https:\/\/insteam.deusto.es\/wp-content\/uploads\/2020\/09\/cropped-InSTEAM_Logo_FullText.jpg\",\"contentUrl\":\"https:\/\/insteam.deusto.es\/wp-content\/uploads\/2020\/09\/cropped-InSTEAM_Logo_FullText.jpg\",\"width\":195,\"height\":90,\"caption\":\"insteam\"},\"image\":{\"@id\":\"https:\/\/insteam.deusto.es\/eu\/#\/schema\/logo\/image\/\"}}]}<\/script>\n<!-- \/ Yoast SEO plugin. -->","yoast_head_json":{"title":"Socioeconomic Approach - insteam","robots":{"index":"index","follow":"follow","max-snippet":"max-snippet:-1","max-image-preview":"max-image-preview:large","max-video-preview":"max-video-preview:-1"},"canonical":"https:\/\/insteam.deusto.es\/es\/productos\/educacion-inclusiva\/socioeconomic-approach\/","og_locale":"es_ES","og_type":"article","og_title":"Socioeconomic Approach - insteam","og_description":"The socioeconomic approach employs a traditional business SWOT (Strengths, Weaknesses, Opportunities, and Threats) analysis template, which is adapted the socio-economic context by primary and secondary students. The adapted SWOT template and analysis concentrates on stakeholder internal aspects (Strengths + Weaknesses) and stakeholder interaction (Opportunities + Threats), ), which can be identified by interviews, questionnaires or [&hellip;]","og_url":"https:\/\/insteam.deusto.es\/es\/productos\/educacion-inclusiva\/socioeconomic-approach\/","og_site_name":"insteam","article_modified_time":"2021-07-27T10:59:12+00:00","twitter_card":"summary_large_image","twitter_misc":{"Tiempo de lectura":"1 minuto"},"schema":{"@context":"https:\/\/schema.org","@graph":[{"@type":"WebPage","@id":"https:\/\/insteam.deusto.es\/es\/productos\/educacion-inclusiva\/socioeconomic-approach\/","url":"https:\/\/insteam.deusto.es\/es\/productos\/educacion-inclusiva\/socioeconomic-approach\/","name":"Socioeconomic Approach - insteam","isPartOf":{"@id":"https:\/\/insteam.deusto.es\/eu\/#website"},"datePublished":"2021-03-29T11:25:39+00:00","dateModified":"2021-07-27T10:59:12+00:00","breadcrumb":{"@id":"https:\/\/insteam.deusto.es\/es\/productos\/educacion-inclusiva\/socioeconomic-approach\/#breadcrumb"},"inLanguage":"es","potentialAction":[{"@type":"ReadAction","target":["https:\/\/insteam.deusto.es\/es\/productos\/educacion-inclusiva\/socioeconomic-approach\/"]}]},{"@type":"BreadcrumbList","@id":"https:\/\/insteam.deusto.es\/es\/productos\/educacion-inclusiva\/socioeconomic-approach\/#breadcrumb","itemListElement":[{"@type":"ListItem","position":1,"name":"Home","item":"https:\/\/insteam.deusto.es\/es\/"},{"@type":"ListItem","position":2,"name":"Productos","item":"https:\/\/insteam.deusto.es\/es\/productos\/"},{"@type":"ListItem","position":3,"name":"Educaci\u00f3n inclusiva","item":"https:\/\/insteam.deusto.es\/es\/productos\/educacion-inclusiva\/"},{"@type":"ListItem","position":4,"name":"Socioeconomic Approach"}]},{"@type":"WebSite","@id":"https:\/\/insteam.deusto.es\/eu\/#website","url":"https:\/\/insteam.deusto.es\/eu\/","name":"insteam","description":"inSTEAM - EPLUS EU project","publisher":{"@id":"https:\/\/insteam.deusto.es\/eu\/#organization"},"potentialAction":[{"@type":"SearchAction","target":{"@type":"EntryPoint","urlTemplate":"https:\/\/insteam.deusto.es\/eu\/?s={search_term_string}"},"query-input":{"@type":"PropertyValueSpecification","valueRequired":true,"valueName":"search_term_string"}}],"inLanguage":"es"},{"@type":"Organization","@id":"https:\/\/insteam.deusto.es\/eu\/#organization","name":"insteam","url":"https:\/\/insteam.deusto.es\/eu\/","logo":{"@type":"ImageObject","inLanguage":"es","@id":"https:\/\/insteam.deusto.es\/eu\/#\/schema\/logo\/image\/","url":"https:\/\/insteam.deusto.es\/wp-content\/uploads\/2020\/09\/cropped-InSTEAM_Logo_FullText.jpg","contentUrl":"https:\/\/insteam.deusto.es\/wp-content\/uploads\/2020\/09\/cropped-InSTEAM_Logo_FullText.jpg","width":195,"height":90,"caption":"insteam"},"image":{"@id":"https:\/\/insteam.deusto.es\/eu\/#\/schema\/logo\/image\/"}}]}},"_links":{"self":[{"href":"https:\/\/insteam.deusto.es\/es\/wp-json\/wp\/v2\/pages\/2057","targetHints":{"allow":["GET"]}}],"collection":[{"href":"https:\/\/insteam.deusto.es\/es\/wp-json\/wp\/v2\/pages"}],"about":[{"href":"https:\/\/insteam.deusto.es\/es\/wp-json\/wp\/v2\/types\/page"}],"author":[{"embeddable":true,"href":"https:\/\/insteam.deusto.es\/es\/wp-json\/wp\/v2\/users\/3"}],"replies":[{"embeddable":true,"href":"https:\/\/insteam.deusto.es\/es\/wp-json\/wp\/v2\/comments?post=2057"}],"version-history":[{"count":2,"href":"https:\/\/insteam.deusto.es\/es\/wp-json\/wp\/v2\/pages\/2057\/revisions"}],"predecessor-version":[{"id":2436,"href":"https:\/\/insteam.deusto.es\/es\/wp-json\/wp\/v2\/pages\/2057\/revisions\/2436"}],"up":[{"embeddable":true,"href":"https:\/\/insteam.deusto.es\/es\/wp-json\/wp\/v2\/pages\/850"}],"wp:attachment":[{"href":"https:\/\/insteam.deusto.es\/es\/wp-json\/wp\/v2\/media?parent=2057"}],"curies":[{"name":"wp","href":"https:\/\/api.w.org\/{rel}","templated":true}]}}