{"id":848,"date":"2020-10-27T11:06:58","date_gmt":"2020-10-27T11:06:58","guid":{"rendered":"https:\/\/insteam.deusto.es\/?page_id=848"},"modified":"2020-10-27T15:27:25","modified_gmt":"2020-10-27T15:27:25","slug":"productos","status":"publish","type":"page","link":"https:\/\/insteam.deusto.es\/es\/productos\/","title":{"rendered":"Productos"},"content":{"rendered":"\n<figure class=\"wp-block-image size-large\"><img loading=\"lazy\" decoding=\"async\" width=\"1024\" height=\"161\" src=\"https:\/\/insteam.deusto.es\/wp-content\/uploads\/2020\/10\/products-1024x161-1.png\" alt=\"\" class=\"wp-image-748\" srcset=\"https:\/\/insteam.deusto.es\/wp-content\/uploads\/2020\/10\/products-1024x161-1.png 1024w, https:\/\/insteam.deusto.es\/wp-content\/uploads\/2020\/10\/products-1024x161-1-300x47.png 300w, https:\/\/insteam.deusto.es\/wp-content\/uploads\/2020\/10\/products-1024x161-1-768x121.png 768w\" sizes=\"auto, (max-width: 1024px) 100vw, 1024px\" \/><\/figure>\n\n\n\n<p>El objetivo de InSTEAM es fomentar una educaci\u00f3n inclusiva medioambiental de STEAM (ciencia, tecnolog\u00eda, ingenier\u00eda, artes y matem\u00e1ticas) que facilite y desarrolle nuevos recursos y enfoques pedag\u00f3gicos en el aprendizaje digital, de modo que todos los estudiantes tengan las mismas oportunidades de \u00e9xito reduciendo las diferencias de acceso y uso de las tecnolog\u00edas digitales en la educaci\u00f3n formal y no formal. El proyecto demostrar\u00e1 el modo en el que las herramientas y recursos del ecosistema Go-Lab pueden aplicarse en una ense\u00f1anza y aprendizaje de STEAM inclusivo y personalizado.<\/p>\n\n\n\n<p>Ofreceremos <em>varios productos<\/em> en el marco de la producci\u00f3n intelectual:<\/p>\n\n\n\n<ol><li> <a href=\"https:\/\/insteam.deusto.es\/es\/productos\/espacios-de-aprendizaje-basado-en-la-indagacion-para-una-educacion-ambiental-inclusiva\/\">25 espacios para un aprendizaje inclusivo de STEAM basado en la indagaci\u00f3n.<\/a><\/li>\n<li> Breve <a href=\"https:\/\/insteam.deusto.es\/es\/productos\/educacion-inclusiva\/\">manual para hacer inclusiva la clase interdisciplinar de STEAM.<\/a><\/li>\n<li><a href=\"https:\/\/insteam.deusto.es\/es\/productos\/directrices-de-implementacion\/\">Directrices<\/a>  para una educaci\u00f3n inclusiva de STEAM.<\/li><\/ol>\n\n\n\n<p>La producci\u00f3n intelectual resultante se compartir\u00e1 a trav\u00e9s de los<a href=\"https:\/\/insteam.deusto.es\/es\/productos\/talleres\/\"> Eventos Multiplicadores (Talleres)<\/a> organizados por los miembros del consorcio.<\/p>\n","protected":false},"excerpt":{"rendered":"<p>El objetivo de InSTEAM es fomentar una educaci\u00f3n inclusiva medioambiental de STEAM (ciencia, tecnolog\u00eda, ingenier\u00eda, artes y matem\u00e1ticas) que facilite y desarrolle nuevos recursos y enfoques pedag\u00f3gicos en el aprendizaje digital, de modo que todos los estudiantes tengan las mismas oportunidades de \u00e9xito reduciendo las diferencias de acceso y uso de las tecnolog\u00edas digitales en [&hellip;]<\/p>\n","protected":false},"author":7,"featured_media":0,"parent":0,"menu_order":0,"comment_status":"closed","ping_status":"closed","template":"","meta":{"footnotes":""},"class_list":["post-848","page","type-page","status-publish","hentry"],"yoast_head":"<!-- This site is optimized with the Yoast SEO plugin v27.2 - https:\/\/yoast.com\/product\/yoast-seo-wordpress\/ -->\n<title>Productos - insteam<\/title>\n<meta name=\"robots\" content=\"index, follow, max-snippet:-1, max-image-preview:large, max-video-preview:-1\" \/>\n<link rel=\"canonical\" href=\"https:\/\/insteam.deusto.es\/es\/productos\/\" \/>\n<meta property=\"og:locale\" content=\"es_ES\" \/>\n<meta property=\"og:type\" content=\"article\" \/>\n<meta property=\"og:title\" content=\"Productos - insteam\" \/>\n<meta property=\"og:description\" content=\"El objetivo de InSTEAM es fomentar una educaci\u00f3n inclusiva medioambiental de STEAM (ciencia, tecnolog\u00eda, ingenier\u00eda, artes y matem\u00e1ticas) que facilite y desarrolle nuevos recursos y enfoques pedag\u00f3gicos en el aprendizaje digital, de modo que todos los estudiantes tengan las mismas oportunidades de \u00e9xito reduciendo las diferencias de acceso y uso de las tecnolog\u00edas digitales en [&hellip;]\" \/>\n<meta property=\"og:url\" content=\"https:\/\/insteam.deusto.es\/es\/productos\/\" \/>\n<meta property=\"og:site_name\" content=\"insteam\" \/>\n<meta property=\"article:modified_time\" content=\"2020-10-27T15:27:25+00:00\" \/>\n<meta property=\"og:image\" content=\"https:\/\/insteam.deusto.es\/wp-content\/uploads\/2020\/10\/products-1024x161-1.png\" \/>\n<meta name=\"twitter:card\" content=\"summary_large_image\" \/>\n<meta name=\"twitter:label1\" content=\"Tiempo de lectura\" \/>\n\t<meta name=\"twitter:data1\" content=\"1 minuto\" \/>\n<script type=\"application\/ld+json\" class=\"yoast-schema-graph\">{\"@context\":\"https:\/\/schema.org\",\"@graph\":[{\"@type\":\"WebPage\",\"@id\":\"https:\/\/insteam.deusto.es\/es\/productos\/\",\"url\":\"https:\/\/insteam.deusto.es\/es\/productos\/\",\"name\":\"Productos - insteam\",\"isPartOf\":{\"@id\":\"https:\/\/insteam.deusto.es\/eu\/#website\"},\"primaryImageOfPage\":{\"@id\":\"https:\/\/insteam.deusto.es\/es\/productos\/#primaryimage\"},\"image\":{\"@id\":\"https:\/\/insteam.deusto.es\/es\/productos\/#primaryimage\"},\"thumbnailUrl\":\"https:\/\/insteam.deusto.es\/wp-content\/uploads\/2020\/10\/products-1024x161-1.png\",\"datePublished\":\"2020-10-27T11:06:58+00:00\",\"dateModified\":\"2020-10-27T15:27:25+00:00\",\"breadcrumb\":{\"@id\":\"https:\/\/insteam.deusto.es\/es\/productos\/#breadcrumb\"},\"inLanguage\":\"es\",\"potentialAction\":[{\"@type\":\"ReadAction\",\"target\":[\"https:\/\/insteam.deusto.es\/es\/productos\/\"]}]},{\"@type\":\"ImageObject\",\"inLanguage\":\"es\",\"@id\":\"https:\/\/insteam.deusto.es\/es\/productos\/#primaryimage\",\"url\":\"https:\/\/insteam.deusto.es\/wp-content\/uploads\/2020\/10\/products-1024x161-1.png\",\"contentUrl\":\"https:\/\/insteam.deusto.es\/wp-content\/uploads\/2020\/10\/products-1024x161-1.png\"},{\"@type\":\"BreadcrumbList\",\"@id\":\"https:\/\/insteam.deusto.es\/es\/productos\/#breadcrumb\",\"itemListElement\":[{\"@type\":\"ListItem\",\"position\":1,\"name\":\"Home\",\"item\":\"https:\/\/insteam.deusto.es\/es\/\"},{\"@type\":\"ListItem\",\"position\":2,\"name\":\"Productos\"}]},{\"@type\":\"WebSite\",\"@id\":\"https:\/\/insteam.deusto.es\/eu\/#website\",\"url\":\"https:\/\/insteam.deusto.es\/eu\/\",\"name\":\"insteam\",\"description\":\"inSTEAM - EPLUS EU project\",\"publisher\":{\"@id\":\"https:\/\/insteam.deusto.es\/eu\/#organization\"},\"potentialAction\":[{\"@type\":\"SearchAction\",\"target\":{\"@type\":\"EntryPoint\",\"urlTemplate\":\"https:\/\/insteam.deusto.es\/eu\/?s={search_term_string}\"},\"query-input\":{\"@type\":\"PropertyValueSpecification\",\"valueRequired\":true,\"valueName\":\"search_term_string\"}}],\"inLanguage\":\"es\"},{\"@type\":\"Organization\",\"@id\":\"https:\/\/insteam.deusto.es\/eu\/#organization\",\"name\":\"insteam\",\"url\":\"https:\/\/insteam.deusto.es\/eu\/\",\"logo\":{\"@type\":\"ImageObject\",\"inLanguage\":\"es\",\"@id\":\"https:\/\/insteam.deusto.es\/eu\/#\/schema\/logo\/image\/\",\"url\":\"https:\/\/insteam.deusto.es\/wp-content\/uploads\/2020\/09\/cropped-InSTEAM_Logo_FullText.jpg\",\"contentUrl\":\"https:\/\/insteam.deusto.es\/wp-content\/uploads\/2020\/09\/cropped-InSTEAM_Logo_FullText.jpg\",\"width\":195,\"height\":90,\"caption\":\"insteam\"},\"image\":{\"@id\":\"https:\/\/insteam.deusto.es\/eu\/#\/schema\/logo\/image\/\"}}]}<\/script>\n<!-- \/ Yoast SEO plugin. -->","yoast_head_json":{"title":"Productos - insteam","robots":{"index":"index","follow":"follow","max-snippet":"max-snippet:-1","max-image-preview":"max-image-preview:large","max-video-preview":"max-video-preview:-1"},"canonical":"https:\/\/insteam.deusto.es\/es\/productos\/","og_locale":"es_ES","og_type":"article","og_title":"Productos - insteam","og_description":"El objetivo de InSTEAM es fomentar una educaci\u00f3n inclusiva medioambiental de STEAM (ciencia, tecnolog\u00eda, ingenier\u00eda, artes y matem\u00e1ticas) que facilite y desarrolle nuevos recursos y enfoques pedag\u00f3gicos en el aprendizaje digital, de modo que todos los estudiantes tengan las mismas oportunidades de \u00e9xito reduciendo las diferencias de acceso y uso de las tecnolog\u00edas digitales en [&hellip;]","og_url":"https:\/\/insteam.deusto.es\/es\/productos\/","og_site_name":"insteam","article_modified_time":"2020-10-27T15:27:25+00:00","og_image":[{"url":"https:\/\/insteam.deusto.es\/wp-content\/uploads\/2020\/10\/products-1024x161-1.png","type":"","width":"","height":""}],"twitter_card":"summary_large_image","twitter_misc":{"Tiempo de lectura":"1 minuto"},"schema":{"@context":"https:\/\/schema.org","@graph":[{"@type":"WebPage","@id":"https:\/\/insteam.deusto.es\/es\/productos\/","url":"https:\/\/insteam.deusto.es\/es\/productos\/","name":"Productos - insteam","isPartOf":{"@id":"https:\/\/insteam.deusto.es\/eu\/#website"},"primaryImageOfPage":{"@id":"https:\/\/insteam.deusto.es\/es\/productos\/#primaryimage"},"image":{"@id":"https:\/\/insteam.deusto.es\/es\/productos\/#primaryimage"},"thumbnailUrl":"https:\/\/insteam.deusto.es\/wp-content\/uploads\/2020\/10\/products-1024x161-1.png","datePublished":"2020-10-27T11:06:58+00:00","dateModified":"2020-10-27T15:27:25+00:00","breadcrumb":{"@id":"https:\/\/insteam.deusto.es\/es\/productos\/#breadcrumb"},"inLanguage":"es","potentialAction":[{"@type":"ReadAction","target":["https:\/\/insteam.deusto.es\/es\/productos\/"]}]},{"@type":"ImageObject","inLanguage":"es","@id":"https:\/\/insteam.deusto.es\/es\/productos\/#primaryimage","url":"https:\/\/insteam.deusto.es\/wp-content\/uploads\/2020\/10\/products-1024x161-1.png","contentUrl":"https:\/\/insteam.deusto.es\/wp-content\/uploads\/2020\/10\/products-1024x161-1.png"},{"@type":"BreadcrumbList","@id":"https:\/\/insteam.deusto.es\/es\/productos\/#breadcrumb","itemListElement":[{"@type":"ListItem","position":1,"name":"Home","item":"https:\/\/insteam.deusto.es\/es\/"},{"@type":"ListItem","position":2,"name":"Productos"}]},{"@type":"WebSite","@id":"https:\/\/insteam.deusto.es\/eu\/#website","url":"https:\/\/insteam.deusto.es\/eu\/","name":"insteam","description":"inSTEAM - EPLUS EU project","publisher":{"@id":"https:\/\/insteam.deusto.es\/eu\/#organization"},"potentialAction":[{"@type":"SearchAction","target":{"@type":"EntryPoint","urlTemplate":"https:\/\/insteam.deusto.es\/eu\/?s={search_term_string}"},"query-input":{"@type":"PropertyValueSpecification","valueRequired":true,"valueName":"search_term_string"}}],"inLanguage":"es"},{"@type":"Organization","@id":"https:\/\/insteam.deusto.es\/eu\/#organization","name":"insteam","url":"https:\/\/insteam.deusto.es\/eu\/","logo":{"@type":"ImageObject","inLanguage":"es","@id":"https:\/\/insteam.deusto.es\/eu\/#\/schema\/logo\/image\/","url":"https:\/\/insteam.deusto.es\/wp-content\/uploads\/2020\/09\/cropped-InSTEAM_Logo_FullText.jpg","contentUrl":"https:\/\/insteam.deusto.es\/wp-content\/uploads\/2020\/09\/cropped-InSTEAM_Logo_FullText.jpg","width":195,"height":90,"caption":"insteam"},"image":{"@id":"https:\/\/insteam.deusto.es\/eu\/#\/schema\/logo\/image\/"}}]}},"_links":{"self":[{"href":"https:\/\/insteam.deusto.es\/es\/wp-json\/wp\/v2\/pages\/848","targetHints":{"allow":["GET"]}}],"collection":[{"href":"https:\/\/insteam.deusto.es\/es\/wp-json\/wp\/v2\/pages"}],"about":[{"href":"https:\/\/insteam.deusto.es\/es\/wp-json\/wp\/v2\/types\/page"}],"author":[{"embeddable":true,"href":"https:\/\/insteam.deusto.es\/es\/wp-json\/wp\/v2\/users\/7"}],"replies":[{"embeddable":true,"href":"https:\/\/insteam.deusto.es\/es\/wp-json\/wp\/v2\/comments?post=848"}],"version-history":[{"count":3,"href":"https:\/\/insteam.deusto.es\/es\/wp-json\/wp\/v2\/pages\/848\/revisions"}],"predecessor-version":[{"id":1006,"href":"https:\/\/insteam.deusto.es\/es\/wp-json\/wp\/v2\/pages\/848\/revisions\/1006"}],"wp:attachment":[{"href":"https:\/\/insteam.deusto.es\/es\/wp-json\/wp\/v2\/media?parent=848"}],"curies":[{"name":"wp","href":"https:\/\/api.w.org\/{rel}","templated":true}]}}