{"id":1118,"date":"2019-11-29T09:19:18","date_gmt":"2019-11-29T09:19:18","guid":{"rendered":"https:\/\/insteam.deusto.es\/about\/"},"modified":"2020-11-13T11:04:31","modified_gmt":"2020-11-13T11:04:31","slug":"about","status":"publish","type":"page","link":"https:\/\/insteam.deusto.es\/pt-pt\/about\/","title":{"rendered":"Sobre"},"content":{"rendered":"\n<p><img decoding=\"async\" width=\"400\" src=\"https:\/\/insteam.deusto.es\/wp-content\/uploads\/2020\/09\/about-1.png\" alt=\"implementation\" class=\"image_implementation\"> O projeto InSTEAM visa criar recursos pedag\u00f3gicos que permitam uma aprendizagem STEAM (Ci\u00eancia, Tecnologia, Engenharia, Artes e Matem\u00e1tica) mais<em> individualizada, inclusiva e personalizada<\/em>. O objetivo \u00e9 estabelecer percursos para uma educa\u00e7\u00e3o ambiental STEAM inclusiva, inovadora e interdisciplinar e que reduza as disparidades no acesso \u00e0 educa\u00e7\u00e3o STEAM digital.<\/p>\n\n\n\n<p>O InSTEAM ser\u00e1 desenvolvido com os parceiros em <em>Espanha, Portugal, Chipre e Gr\u00e9cia<\/em>, uma vez que as abordagens e os curr\u00edculos s\u00e3o similares para a introdu\u00e7\u00e3o da educa\u00e7\u00e3o digital e ambiental inclusiva STEAM de forma inovadora. Para tal, ser\u00e1 utilizado o bem sucedido ambiente Go-Lab (<a href=\"http:\/\/www.golabz.eu\">www.golabz.eu<\/a>) e as suas ferramentas premiadas na cria\u00e7\u00e3o de aulas inclusivas STEAM. Os professores ser\u00e3o orientados na implementa\u00e7\u00e3o, adapta\u00e7\u00e3o e na cria\u00e7\u00e3o de aulas baseadas nos princ\u00edpios da autorregula\u00e7\u00e3o dos alunos, diferencia\u00e7\u00e3o e outros princ\u00edpios pedag\u00f3gicos.<\/p>\n\n\n\n<p>Para a elabora\u00e7\u00e3o dos ambientes de <strong>aprendizagem inclusivos<\/strong>, cada professor pode utilizar infografias apropriadas, ferramentas, aplica\u00e7\u00f5es, atividades e recursos de v\u00eddeo das \u00e1reas tem\u00e1ticas ambientais que incorporem os elementos STEAM. As atividades e recursos incluem a experimenta\u00e7\u00e3o em laborat\u00f3rios online (virtuais ou remotos) e basear-se-\u00e3o no princ\u00edpio pedag\u00f3gico do Inquiry e da aprendizagem baseada em projetos. O Go-Lab oferece m\u00faltiplas aplica\u00e7\u00f5es que apoiam a progress\u00e3o da aprendizagem dos alunos e permite-lhes a escolha de diferentes aplica\u00e7\u00f5es e ferramentas para alcan\u00e7ar a sua aprendizagem ao seu pr\u00f3prio ritmo. O Go-Lab tamb\u00e9m disponibiliza aos professores m\u00faltiplas ferramentas para a monitoriza\u00e7\u00e3o da progress\u00e3o da aprendizagem de cada aluno, permitindo uma intera\u00e7\u00e3o direta, dando individualmente o feedback em tempo real, permitindo-lhes colocar sugest\u00f5es, question\u00e1rios, etc.<\/p>\n\n\n\n<p>A <strong>educa\u00e7\u00e3o ambiental <\/strong>\u00e9 frequentemente elogiada pelos Educadores como uma forma ideal de integrar as v\u00e1rias disciplinas, de estimular o crescimento acad\u00e9mico e social dos jovens e de promover a conserva\u00e7\u00e3o do meio ambiente. O ambiente \u00e9 um contexto atrativo para ensinar e aprender sobre STEAM, uma vez que proporciona uma diversidade de desafios do mundo real que envolvem os alunos em oportunidades de aplicar e de refor\u00e7ar os conceitos STEAM em diferentes \u00e1reas disciplinares. Vamos propor tr\u00eas t\u00f3picos sobre o ambiente (altera\u00e7\u00f5es clim\u00e1ticas, energias renov\u00e1veis e gest\u00e3o da \u00e1gua) cada t\u00f3pico ter\u00e1 entre 6-10 ILS (no total estimamos a constru\u00e7\u00e3o de cerca de 25 ILSs).  <\/p>\n","protected":false},"excerpt":{"rendered":"<p>O projeto InSTEAM visa criar recursos pedag\u00f3gicos que permitam uma aprendizagem STEAM (Ci\u00eancia, Tecnologia, Engenharia, Artes e Matem\u00e1tica) mais individualizada, inclusiva e personalizada. O objetivo \u00e9 estabelecer percursos para uma educa\u00e7\u00e3o ambiental STEAM inclusiva, inovadora e interdisciplinar e que reduza as disparidades no acesso \u00e0 educa\u00e7\u00e3o STEAM digital. O InSTEAM ser\u00e1 desenvolvido com os parceiros [&hellip;]<\/p>\n","protected":false},"author":6,"featured_media":0,"parent":0,"menu_order":0,"comment_status":"closed","ping_status":"closed","template":"","meta":{"footnotes":""},"class_list":["post-1118","page","type-page","status-publish","hentry"],"yoast_head":"<!-- This site is optimized with the Yoast SEO plugin v27.2 - https:\/\/yoast.com\/product\/yoast-seo-wordpress\/ -->\n<title>Sobre - insteam<\/title>\n<meta name=\"robots\" content=\"index, follow, max-snippet:-1, max-image-preview:large, max-video-preview:-1\" \/>\n<link rel=\"canonical\" href=\"https:\/\/insteam.deusto.es\/pt-pt\/about\/\" \/>\n<meta property=\"og:locale\" content=\"pt_PT\" \/>\n<meta property=\"og:type\" content=\"article\" \/>\n<meta property=\"og:title\" content=\"Sobre - insteam\" \/>\n<meta property=\"og:description\" content=\"O projeto InSTEAM visa criar recursos pedag\u00f3gicos que permitam uma aprendizagem STEAM (Ci\u00eancia, Tecnologia, Engenharia, Artes e Matem\u00e1tica) mais individualizada, inclusiva e personalizada. O objetivo \u00e9 estabelecer percursos para uma educa\u00e7\u00e3o ambiental STEAM inclusiva, inovadora e interdisciplinar e que reduza as disparidades no acesso \u00e0 educa\u00e7\u00e3o STEAM digital. O InSTEAM ser\u00e1 desenvolvido com os parceiros [&hellip;]\" \/>\n<meta property=\"og:url\" content=\"https:\/\/insteam.deusto.es\/pt-pt\/about\/\" \/>\n<meta property=\"og:site_name\" content=\"insteam\" \/>\n<meta property=\"article:modified_time\" content=\"2020-11-13T11:04:31+00:00\" \/>\n<meta property=\"og:image\" content=\"https:\/\/insteam.deusto.es\/wp-content\/uploads\/2020\/09\/about-1.png\" \/>\n<meta name=\"twitter:card\" content=\"summary_large_image\" \/>\n<meta name=\"twitter:label1\" content=\"Tempo estimado de leitura\" \/>\n\t<meta name=\"twitter:data1\" content=\"2 minutos\" \/>\n<script type=\"application\/ld+json\" class=\"yoast-schema-graph\">{\"@context\":\"https:\/\/schema.org\",\"@graph\":[{\"@type\":\"WebPage\",\"@id\":\"https:\/\/insteam.deusto.es\/pt-pt\/about\/\",\"url\":\"https:\/\/insteam.deusto.es\/pt-pt\/about\/\",\"name\":\"Sobre - insteam\",\"isPartOf\":{\"@id\":\"https:\/\/insteam.deusto.es\/eu\/#website\"},\"primaryImageOfPage\":{\"@id\":\"https:\/\/insteam.deusto.es\/pt-pt\/about\/#primaryimage\"},\"image\":{\"@id\":\"https:\/\/insteam.deusto.es\/pt-pt\/about\/#primaryimage\"},\"thumbnailUrl\":\"https:\/\/insteam.deusto.es\/wp-content\/uploads\/2020\/09\/about-1.png\",\"datePublished\":\"2019-11-29T09:19:18+00:00\",\"dateModified\":\"2020-11-13T11:04:31+00:00\",\"breadcrumb\":{\"@id\":\"https:\/\/insteam.deusto.es\/pt-pt\/about\/#breadcrumb\"},\"inLanguage\":\"pt-PT\",\"potentialAction\":[{\"@type\":\"ReadAction\",\"target\":[\"https:\/\/insteam.deusto.es\/pt-pt\/about\/\"]}]},{\"@type\":\"ImageObject\",\"inLanguage\":\"pt-PT\",\"@id\":\"https:\/\/insteam.deusto.es\/pt-pt\/about\/#primaryimage\",\"url\":\"https:\/\/insteam.deusto.es\/wp-content\/uploads\/2020\/09\/about-1.png\",\"contentUrl\":\"https:\/\/insteam.deusto.es\/wp-content\/uploads\/2020\/09\/about-1.png\"},{\"@type\":\"BreadcrumbList\",\"@id\":\"https:\/\/insteam.deusto.es\/pt-pt\/about\/#breadcrumb\",\"itemListElement\":[{\"@type\":\"ListItem\",\"position\":1,\"name\":\"Home\",\"item\":\"https:\/\/insteam.deusto.es\/pt-pt\/\"},{\"@type\":\"ListItem\",\"position\":2,\"name\":\"Sobre\"}]},{\"@type\":\"WebSite\",\"@id\":\"https:\/\/insteam.deusto.es\/eu\/#website\",\"url\":\"https:\/\/insteam.deusto.es\/eu\/\",\"name\":\"insteam\",\"description\":\"inSTEAM - EPLUS EU project\",\"publisher\":{\"@id\":\"https:\/\/insteam.deusto.es\/eu\/#organization\"},\"potentialAction\":[{\"@type\":\"SearchAction\",\"target\":{\"@type\":\"EntryPoint\",\"urlTemplate\":\"https:\/\/insteam.deusto.es\/eu\/?s={search_term_string}\"},\"query-input\":{\"@type\":\"PropertyValueSpecification\",\"valueRequired\":true,\"valueName\":\"search_term_string\"}}],\"inLanguage\":\"pt-PT\"},{\"@type\":\"Organization\",\"@id\":\"https:\/\/insteam.deusto.es\/eu\/#organization\",\"name\":\"insteam\",\"url\":\"https:\/\/insteam.deusto.es\/eu\/\",\"logo\":{\"@type\":\"ImageObject\",\"inLanguage\":\"pt-PT\",\"@id\":\"https:\/\/insteam.deusto.es\/eu\/#\/schema\/logo\/image\/\",\"url\":\"https:\/\/insteam.deusto.es\/wp-content\/uploads\/2020\/09\/cropped-InSTEAM_Logo_FullText.jpg\",\"contentUrl\":\"https:\/\/insteam.deusto.es\/wp-content\/uploads\/2020\/09\/cropped-InSTEAM_Logo_FullText.jpg\",\"width\":195,\"height\":90,\"caption\":\"insteam\"},\"image\":{\"@id\":\"https:\/\/insteam.deusto.es\/eu\/#\/schema\/logo\/image\/\"}}]}<\/script>\n<!-- \/ Yoast SEO plugin. -->","yoast_head_json":{"title":"Sobre - insteam","robots":{"index":"index","follow":"follow","max-snippet":"max-snippet:-1","max-image-preview":"max-image-preview:large","max-video-preview":"max-video-preview:-1"},"canonical":"https:\/\/insteam.deusto.es\/pt-pt\/about\/","og_locale":"pt_PT","og_type":"article","og_title":"Sobre - insteam","og_description":"O projeto InSTEAM visa criar recursos pedag\u00f3gicos que permitam uma aprendizagem STEAM (Ci\u00eancia, Tecnologia, Engenharia, Artes e Matem\u00e1tica) mais individualizada, inclusiva e personalizada. O objetivo \u00e9 estabelecer percursos para uma educa\u00e7\u00e3o ambiental STEAM inclusiva, inovadora e interdisciplinar e que reduza as disparidades no acesso \u00e0 educa\u00e7\u00e3o STEAM digital. O InSTEAM ser\u00e1 desenvolvido com os parceiros [&hellip;]","og_url":"https:\/\/insteam.deusto.es\/pt-pt\/about\/","og_site_name":"insteam","article_modified_time":"2020-11-13T11:04:31+00:00","og_image":[{"url":"https:\/\/insteam.deusto.es\/wp-content\/uploads\/2020\/09\/about-1.png","type":"","width":"","height":""}],"twitter_card":"summary_large_image","twitter_misc":{"Tempo estimado de leitura":"2 minutos"},"schema":{"@context":"https:\/\/schema.org","@graph":[{"@type":"WebPage","@id":"https:\/\/insteam.deusto.es\/pt-pt\/about\/","url":"https:\/\/insteam.deusto.es\/pt-pt\/about\/","name":"Sobre - insteam","isPartOf":{"@id":"https:\/\/insteam.deusto.es\/eu\/#website"},"primaryImageOfPage":{"@id":"https:\/\/insteam.deusto.es\/pt-pt\/about\/#primaryimage"},"image":{"@id":"https:\/\/insteam.deusto.es\/pt-pt\/about\/#primaryimage"},"thumbnailUrl":"https:\/\/insteam.deusto.es\/wp-content\/uploads\/2020\/09\/about-1.png","datePublished":"2019-11-29T09:19:18+00:00","dateModified":"2020-11-13T11:04:31+00:00","breadcrumb":{"@id":"https:\/\/insteam.deusto.es\/pt-pt\/about\/#breadcrumb"},"inLanguage":"pt-PT","potentialAction":[{"@type":"ReadAction","target":["https:\/\/insteam.deusto.es\/pt-pt\/about\/"]}]},{"@type":"ImageObject","inLanguage":"pt-PT","@id":"https:\/\/insteam.deusto.es\/pt-pt\/about\/#primaryimage","url":"https:\/\/insteam.deusto.es\/wp-content\/uploads\/2020\/09\/about-1.png","contentUrl":"https:\/\/insteam.deusto.es\/wp-content\/uploads\/2020\/09\/about-1.png"},{"@type":"BreadcrumbList","@id":"https:\/\/insteam.deusto.es\/pt-pt\/about\/#breadcrumb","itemListElement":[{"@type":"ListItem","position":1,"name":"Home","item":"https:\/\/insteam.deusto.es\/pt-pt\/"},{"@type":"ListItem","position":2,"name":"Sobre"}]},{"@type":"WebSite","@id":"https:\/\/insteam.deusto.es\/eu\/#website","url":"https:\/\/insteam.deusto.es\/eu\/","name":"insteam","description":"inSTEAM - EPLUS EU project","publisher":{"@id":"https:\/\/insteam.deusto.es\/eu\/#organization"},"potentialAction":[{"@type":"SearchAction","target":{"@type":"EntryPoint","urlTemplate":"https:\/\/insteam.deusto.es\/eu\/?s={search_term_string}"},"query-input":{"@type":"PropertyValueSpecification","valueRequired":true,"valueName":"search_term_string"}}],"inLanguage":"pt-PT"},{"@type":"Organization","@id":"https:\/\/insteam.deusto.es\/eu\/#organization","name":"insteam","url":"https:\/\/insteam.deusto.es\/eu\/","logo":{"@type":"ImageObject","inLanguage":"pt-PT","@id":"https:\/\/insteam.deusto.es\/eu\/#\/schema\/logo\/image\/","url":"https:\/\/insteam.deusto.es\/wp-content\/uploads\/2020\/09\/cropped-InSTEAM_Logo_FullText.jpg","contentUrl":"https:\/\/insteam.deusto.es\/wp-content\/uploads\/2020\/09\/cropped-InSTEAM_Logo_FullText.jpg","width":195,"height":90,"caption":"insteam"},"image":{"@id":"https:\/\/insteam.deusto.es\/eu\/#\/schema\/logo\/image\/"}}]}},"_links":{"self":[{"href":"https:\/\/insteam.deusto.es\/pt-pt\/wp-json\/wp\/v2\/pages\/1118","targetHints":{"allow":["GET"]}}],"collection":[{"href":"https:\/\/insteam.deusto.es\/pt-pt\/wp-json\/wp\/v2\/pages"}],"about":[{"href":"https:\/\/insteam.deusto.es\/pt-pt\/wp-json\/wp\/v2\/types\/page"}],"author":[{"embeddable":true,"href":"https:\/\/insteam.deusto.es\/pt-pt\/wp-json\/wp\/v2\/users\/6"}],"replies":[{"embeddable":true,"href":"https:\/\/insteam.deusto.es\/pt-pt\/wp-json\/wp\/v2\/comments?post=1118"}],"version-history":[{"count":2,"href":"https:\/\/insteam.deusto.es\/pt-pt\/wp-json\/wp\/v2\/pages\/1118\/revisions"}],"predecessor-version":[{"id":1152,"href":"https:\/\/insteam.deusto.es\/pt-pt\/wp-json\/wp\/v2\/pages\/1118\/revisions\/1152"}],"wp:attachment":[{"href":"https:\/\/insteam.deusto.es\/pt-pt\/wp-json\/wp\/v2\/media?parent=1118"}],"curies":[{"name":"wp","href":"https:\/\/api.w.org\/{rel}","templated":true}]}}