{"id":1133,"date":"2019-11-29T09:23:30","date_gmt":"2019-11-29T09:23:30","guid":{"rendered":"https:\/\/insteam.deusto.es\/intellectual-outputs\/"},"modified":"2020-11-13T12:40:32","modified_gmt":"2020-11-13T12:40:32","slug":"intellectual-outputs","status":"publish","type":"page","link":"https:\/\/insteam.deusto.es\/pt-pt\/intellectual-outputs\/","title":{"rendered":"Produtos"},"content":{"rendered":"\n<figure class=\"wp-block-image size-large\"><img loading=\"lazy\" decoding=\"async\" width=\"1024\" height=\"161\" src=\"https:\/\/insteam.deusto.es\/wp-content\/uploads\/2020\/09\/products-1024x161.png\" alt=\"\" class=\"wp-image-1134\" srcset=\"https:\/\/insteam.deusto.es\/wp-content\/uploads\/2020\/09\/products-1024x161.png 1024w, https:\/\/insteam.deusto.es\/wp-content\/uploads\/2020\/09\/products-300x47.png 300w, https:\/\/insteam.deusto.es\/wp-content\/uploads\/2020\/09\/products-768x121.png 768w, https:\/\/insteam.deusto.es\/wp-content\/uploads\/2020\/09\/products.png 1233w\" sizes=\"auto, (max-width: 1024px) 100vw, 1024px\" \/><\/figure>\n\n\n\n<p>O InSTEAM tem como objetivo promover uma educa\u00e7\u00e3o STEAM (ci\u00eancia, tecnologia, engenharia, artes e matem\u00e1tica) inclusiva e ambiental. Esta abordagem pretende facilitar o desenvolvimento de novos recursos e abordagens pedag\u00f3gicas na aprendizagem digital, promover uma oportunidade igual de sucesso a todos os alunos, e reduzir as disparidades no acesso e no envolvimento com as tecnologias digitais na educa\u00e7\u00e3o formal e n\u00e3o formal. Assim, o projeto vai mostrar como as ferramentas e recursos do Go-Lab podem ser aplicados na aprendizagem e ensino inclusivo e personalizado STEAM.<\/p>\n\n\n\n<p>Para tal, o projeto ir\u00e1 disponibilizar <em>v\u00e1rios produtos<\/em>:<\/p>\n\n\n\n<ol><li> <a href=\"https:\/\/insteam.deusto.es\/pt-pt\/intellectual-outputs\/inclusive-environmental-ilss\/\">25 ILS (Inquiry Learning Spaces) Espa\u00e7os de Aprendizagem Inclusiva e Ambiental STEAM <\/a><\/li>\n<li> Um pequeno <a href=\"https:\/\/insteam.deusto.es\/pt-pt\/intellectual-outputs\/inclusive-lessons\/\">manual para tornar as aulas mais interdisciplinares, inclusivas e ambientais num formato STEAM<\/a><\/li>\n<li><a href=\"https:\/\/insteam.deusto.es\/pt-pt\/intellectual-outputs\/implementation-guidelines\/\">Diretrizes de implementa\u00e7\u00e3o<\/a>  inclusiva e ambiental STEAM<\/li><\/ol>\n\n\n\n<p><\/p>\n\n\n\n\n\n<p>Os trabalhos produzidos ser\u00e3o partilhados atrav\u00e9s dos M\u00faltiplos Eventos (Workshops) organizados pelos parceiros do cons\u00f3rcio.<\/p>\n","protected":false},"excerpt":{"rendered":"<p>O InSTEAM tem como objetivo promover uma educa\u00e7\u00e3o STEAM (ci\u00eancia, tecnologia, engenharia, artes e matem\u00e1tica) inclusiva e ambiental. Esta abordagem pretende facilitar o desenvolvimento de novos recursos e abordagens pedag\u00f3gicas na aprendizagem digital, promover uma oportunidade igual de sucesso a todos os alunos, e reduzir as disparidades no acesso e no envolvimento com as tecnologias [&hellip;]<\/p>\n","protected":false},"author":6,"featured_media":0,"parent":0,"menu_order":0,"comment_status":"closed","ping_status":"closed","template":"","meta":{"footnotes":""},"class_list":["post-1133","page","type-page","status-publish","hentry"],"yoast_head":"<!-- This site is optimized with the Yoast SEO plugin v27.2 - https:\/\/yoast.com\/product\/yoast-seo-wordpress\/ -->\n<title>Produtos - insteam<\/title>\n<meta name=\"robots\" content=\"index, follow, max-snippet:-1, max-image-preview:large, max-video-preview:-1\" \/>\n<link rel=\"canonical\" href=\"https:\/\/insteam.deusto.es\/pt-pt\/intellectual-outputs\/\" \/>\n<meta property=\"og:locale\" content=\"pt_PT\" \/>\n<meta property=\"og:type\" content=\"article\" \/>\n<meta property=\"og:title\" content=\"Produtos - insteam\" \/>\n<meta property=\"og:description\" content=\"O InSTEAM tem como objetivo promover uma educa\u00e7\u00e3o STEAM (ci\u00eancia, tecnologia, engenharia, artes e matem\u00e1tica) inclusiva e ambiental. Esta abordagem pretende facilitar o desenvolvimento de novos recursos e abordagens pedag\u00f3gicas na aprendizagem digital, promover uma oportunidade igual de sucesso a todos os alunos, e reduzir as disparidades no acesso e no envolvimento com as tecnologias [&hellip;]\" \/>\n<meta property=\"og:url\" content=\"https:\/\/insteam.deusto.es\/pt-pt\/intellectual-outputs\/\" \/>\n<meta property=\"og:site_name\" content=\"insteam\" \/>\n<meta property=\"article:modified_time\" content=\"2020-11-13T12:40:32+00:00\" \/>\n<meta property=\"og:image\" content=\"https:\/\/insteam.deusto.es\/wp-content\/uploads\/2020\/09\/products-1024x161.png\" \/>\n<meta name=\"twitter:card\" content=\"summary_large_image\" \/>\n<meta name=\"twitter:label1\" content=\"Tempo estimado de leitura\" \/>\n\t<meta name=\"twitter:data1\" content=\"1 minuto\" \/>\n<script type=\"application\/ld+json\" class=\"yoast-schema-graph\">{\"@context\":\"https:\/\/schema.org\",\"@graph\":[{\"@type\":\"WebPage\",\"@id\":\"https:\/\/insteam.deusto.es\/pt-pt\/intellectual-outputs\/\",\"url\":\"https:\/\/insteam.deusto.es\/pt-pt\/intellectual-outputs\/\",\"name\":\"Produtos - insteam\",\"isPartOf\":{\"@id\":\"https:\/\/insteam.deusto.es\/eu\/#website\"},\"primaryImageOfPage\":{\"@id\":\"https:\/\/insteam.deusto.es\/pt-pt\/intellectual-outputs\/#primaryimage\"},\"image\":{\"@id\":\"https:\/\/insteam.deusto.es\/pt-pt\/intellectual-outputs\/#primaryimage\"},\"thumbnailUrl\":\"https:\/\/insteam.deusto.es\/wp-content\/uploads\/2020\/09\/products-1024x161.png\",\"datePublished\":\"2019-11-29T09:23:30+00:00\",\"dateModified\":\"2020-11-13T12:40:32+00:00\",\"breadcrumb\":{\"@id\":\"https:\/\/insteam.deusto.es\/pt-pt\/intellectual-outputs\/#breadcrumb\"},\"inLanguage\":\"pt-PT\",\"potentialAction\":[{\"@type\":\"ReadAction\",\"target\":[\"https:\/\/insteam.deusto.es\/pt-pt\/intellectual-outputs\/\"]}]},{\"@type\":\"ImageObject\",\"inLanguage\":\"pt-PT\",\"@id\":\"https:\/\/insteam.deusto.es\/pt-pt\/intellectual-outputs\/#primaryimage\",\"url\":\"https:\/\/insteam.deusto.es\/wp-content\/uploads\/2020\/09\/products-1024x161.png\",\"contentUrl\":\"https:\/\/insteam.deusto.es\/wp-content\/uploads\/2020\/09\/products-1024x161.png\"},{\"@type\":\"BreadcrumbList\",\"@id\":\"https:\/\/insteam.deusto.es\/pt-pt\/intellectual-outputs\/#breadcrumb\",\"itemListElement\":[{\"@type\":\"ListItem\",\"position\":1,\"name\":\"Home\",\"item\":\"https:\/\/insteam.deusto.es\/pt-pt\/\"},{\"@type\":\"ListItem\",\"position\":2,\"name\":\"Produtos\"}]},{\"@type\":\"WebSite\",\"@id\":\"https:\/\/insteam.deusto.es\/eu\/#website\",\"url\":\"https:\/\/insteam.deusto.es\/eu\/\",\"name\":\"insteam\",\"description\":\"inSTEAM - EPLUS EU project\",\"publisher\":{\"@id\":\"https:\/\/insteam.deusto.es\/eu\/#organization\"},\"potentialAction\":[{\"@type\":\"SearchAction\",\"target\":{\"@type\":\"EntryPoint\",\"urlTemplate\":\"https:\/\/insteam.deusto.es\/eu\/?s={search_term_string}\"},\"query-input\":{\"@type\":\"PropertyValueSpecification\",\"valueRequired\":true,\"valueName\":\"search_term_string\"}}],\"inLanguage\":\"pt-PT\"},{\"@type\":\"Organization\",\"@id\":\"https:\/\/insteam.deusto.es\/eu\/#organization\",\"name\":\"insteam\",\"url\":\"https:\/\/insteam.deusto.es\/eu\/\",\"logo\":{\"@type\":\"ImageObject\",\"inLanguage\":\"pt-PT\",\"@id\":\"https:\/\/insteam.deusto.es\/eu\/#\/schema\/logo\/image\/\",\"url\":\"https:\/\/insteam.deusto.es\/wp-content\/uploads\/2020\/09\/cropped-InSTEAM_Logo_FullText.jpg\",\"contentUrl\":\"https:\/\/insteam.deusto.es\/wp-content\/uploads\/2020\/09\/cropped-InSTEAM_Logo_FullText.jpg\",\"width\":195,\"height\":90,\"caption\":\"insteam\"},\"image\":{\"@id\":\"https:\/\/insteam.deusto.es\/eu\/#\/schema\/logo\/image\/\"}}]}<\/script>\n<!-- \/ Yoast SEO plugin. -->","yoast_head_json":{"title":"Produtos - insteam","robots":{"index":"index","follow":"follow","max-snippet":"max-snippet:-1","max-image-preview":"max-image-preview:large","max-video-preview":"max-video-preview:-1"},"canonical":"https:\/\/insteam.deusto.es\/pt-pt\/intellectual-outputs\/","og_locale":"pt_PT","og_type":"article","og_title":"Produtos - insteam","og_description":"O InSTEAM tem como objetivo promover uma educa\u00e7\u00e3o STEAM (ci\u00eancia, tecnologia, engenharia, artes e matem\u00e1tica) inclusiva e ambiental. Esta abordagem pretende facilitar o desenvolvimento de novos recursos e abordagens pedag\u00f3gicas na aprendizagem digital, promover uma oportunidade igual de sucesso a todos os alunos, e reduzir as disparidades no acesso e no envolvimento com as tecnologias [&hellip;]","og_url":"https:\/\/insteam.deusto.es\/pt-pt\/intellectual-outputs\/","og_site_name":"insteam","article_modified_time":"2020-11-13T12:40:32+00:00","og_image":[{"url":"https:\/\/insteam.deusto.es\/wp-content\/uploads\/2020\/09\/products-1024x161.png","type":"","width":"","height":""}],"twitter_card":"summary_large_image","twitter_misc":{"Tempo estimado de leitura":"1 minuto"},"schema":{"@context":"https:\/\/schema.org","@graph":[{"@type":"WebPage","@id":"https:\/\/insteam.deusto.es\/pt-pt\/intellectual-outputs\/","url":"https:\/\/insteam.deusto.es\/pt-pt\/intellectual-outputs\/","name":"Produtos - insteam","isPartOf":{"@id":"https:\/\/insteam.deusto.es\/eu\/#website"},"primaryImageOfPage":{"@id":"https:\/\/insteam.deusto.es\/pt-pt\/intellectual-outputs\/#primaryimage"},"image":{"@id":"https:\/\/insteam.deusto.es\/pt-pt\/intellectual-outputs\/#primaryimage"},"thumbnailUrl":"https:\/\/insteam.deusto.es\/wp-content\/uploads\/2020\/09\/products-1024x161.png","datePublished":"2019-11-29T09:23:30+00:00","dateModified":"2020-11-13T12:40:32+00:00","breadcrumb":{"@id":"https:\/\/insteam.deusto.es\/pt-pt\/intellectual-outputs\/#breadcrumb"},"inLanguage":"pt-PT","potentialAction":[{"@type":"ReadAction","target":["https:\/\/insteam.deusto.es\/pt-pt\/intellectual-outputs\/"]}]},{"@type":"ImageObject","inLanguage":"pt-PT","@id":"https:\/\/insteam.deusto.es\/pt-pt\/intellectual-outputs\/#primaryimage","url":"https:\/\/insteam.deusto.es\/wp-content\/uploads\/2020\/09\/products-1024x161.png","contentUrl":"https:\/\/insteam.deusto.es\/wp-content\/uploads\/2020\/09\/products-1024x161.png"},{"@type":"BreadcrumbList","@id":"https:\/\/insteam.deusto.es\/pt-pt\/intellectual-outputs\/#breadcrumb","itemListElement":[{"@type":"ListItem","position":1,"name":"Home","item":"https:\/\/insteam.deusto.es\/pt-pt\/"},{"@type":"ListItem","position":2,"name":"Produtos"}]},{"@type":"WebSite","@id":"https:\/\/insteam.deusto.es\/eu\/#website","url":"https:\/\/insteam.deusto.es\/eu\/","name":"insteam","description":"inSTEAM - EPLUS EU project","publisher":{"@id":"https:\/\/insteam.deusto.es\/eu\/#organization"},"potentialAction":[{"@type":"SearchAction","target":{"@type":"EntryPoint","urlTemplate":"https:\/\/insteam.deusto.es\/eu\/?s={search_term_string}"},"query-input":{"@type":"PropertyValueSpecification","valueRequired":true,"valueName":"search_term_string"}}],"inLanguage":"pt-PT"},{"@type":"Organization","@id":"https:\/\/insteam.deusto.es\/eu\/#organization","name":"insteam","url":"https:\/\/insteam.deusto.es\/eu\/","logo":{"@type":"ImageObject","inLanguage":"pt-PT","@id":"https:\/\/insteam.deusto.es\/eu\/#\/schema\/logo\/image\/","url":"https:\/\/insteam.deusto.es\/wp-content\/uploads\/2020\/09\/cropped-InSTEAM_Logo_FullText.jpg","contentUrl":"https:\/\/insteam.deusto.es\/wp-content\/uploads\/2020\/09\/cropped-InSTEAM_Logo_FullText.jpg","width":195,"height":90,"caption":"insteam"},"image":{"@id":"https:\/\/insteam.deusto.es\/eu\/#\/schema\/logo\/image\/"}}]}},"_links":{"self":[{"href":"https:\/\/insteam.deusto.es\/pt-pt\/wp-json\/wp\/v2\/pages\/1133","targetHints":{"allow":["GET"]}}],"collection":[{"href":"https:\/\/insteam.deusto.es\/pt-pt\/wp-json\/wp\/v2\/pages"}],"about":[{"href":"https:\/\/insteam.deusto.es\/pt-pt\/wp-json\/wp\/v2\/types\/page"}],"author":[{"embeddable":true,"href":"https:\/\/insteam.deusto.es\/pt-pt\/wp-json\/wp\/v2\/users\/6"}],"replies":[{"embeddable":true,"href":"https:\/\/insteam.deusto.es\/pt-pt\/wp-json\/wp\/v2\/comments?post=1133"}],"version-history":[{"count":3,"href":"https:\/\/insteam.deusto.es\/pt-pt\/wp-json\/wp\/v2\/pages\/1133\/revisions"}],"predecessor-version":[{"id":1166,"href":"https:\/\/insteam.deusto.es\/pt-pt\/wp-json\/wp\/v2\/pages\/1133\/revisions\/1166"}],"wp:attachment":[{"href":"https:\/\/insteam.deusto.es\/pt-pt\/wp-json\/wp\/v2\/media?parent=1133"}],"curies":[{"name":"wp","href":"https:\/\/api.w.org\/{rel}","templated":true}]}}